{"id":10,"date":"2018-09-03T13:40:40","date_gmt":"2018-09-03T11:40:40","guid":{"rendered":"https:\/\/www.openandhome.de\/?page_id=10"},"modified":"2025-05-05T18:38:06","modified_gmt":"2025-05-05T16:38:06","slug":"startseite","status":"publish","type":"page","link":"https:\/\/openandhome.de\/","title":{"rendered":"Open Source Sensorboxen und Datenlogger"},"content":{"rendered":"\n<ul class=\"wp-block-list\">\n<li>Open Source<\/li>\n\n\n\n<li>Digital souver\u00e4n<\/li>\n\n\n\n<li>frei konfigurierbar<\/li>\n<\/ul>\n\n\n\n<h2 class=\"wp-block-heading\">Sie m\u00f6chten<\/h2>\n\n\n\n<ul class=\"wp-block-list\">\n<li>eine Firmware auf der Sensorbox deren Quellen als Open Source (<a href=\"https:\/\/github.com\/letscontrolit\/ESPEasy\">ESPEasy<\/a>) verf\u00fcgbar sind?<\/li>\n\n\n\n<li>einen individuell f\u00fcr Sie konfigurierten und montierten <a href=\"https:\/\/www.openandhome.de\/index.php\/produkt-kategorie\/openandhome\/sensorbox\/\">Temperatursensor<\/a> auf der Basis von DS18B20?<\/li>\n\n\n\n<li>Digitale Souver\u00e4nit\u00e4t und damit Ihren <a href=\"https:\/\/www.openandhome.de\/index.php\/produkt-kategorie\/openandhome\/sensorbox\/\">Sensor<\/a> direkt in ihrem Netzwerk und ohne zwingende Cloudanbindung ?<\/li>\n\n\n\n<li>den Sensor per MQTT oder anderen offenen Protokollen (JSON, HTTP, Prometheus) in Ihr Smart-Home oder andere \u00dcberwachungssysteme integrieren?<\/li>\n\n\n\n<li>die volle Kontrolle \u00fcber Ihre Daten (z.B. Pufferspeicher, Pool, Heizung)?<\/li>\n\n\n\n<li>sich nicht auf einen Anbieter und dessen Produkte festlegen?<\/li>\n\n\n\n<li>optional einen <a href=\"https:\/\/www.openandhome.de\/index.php\/produkt\/openandhome-datenlogger\/\">Datenlogger<\/a> (Mqtt\/Mosquitto, Telegraf, Influxdb, Grafana) welcher Ihnen die Daten grafisch ansprechend aufzeichnet und aufbereitet<\/li>\n<\/ul>\n\n\n\n<hr class=\"wp-block-separator has-alpha-channel-opacity\"\/>\n\n\n\n<h2 class=\"wp-block-heading\">Unsere L\u00f6sungen:<\/h2>\n\n\n\n<figure class=\"wp-block-gallery has-nested-images columns-default is-cropped wp-block-gallery-1 is-layout-flex wp-block-gallery-is-layout-flex\">\n<figure class=\"wp-block-image size-large\"><a href=\"https:\/\/openandhome.de\/index.php\/produkt\/sensorbox_zur_ueberwachung\/\" target=\"_blank\" rel=\"noreferrer noopener\"><img loading=\"lazy\" decoding=\"async\" width=\"1024\" height=\"485\" data-id=\"10167\" src=\"https:\/\/openandhome.de\/wp-content\/uploads\/20230304_110757-1024x485.jpg\" alt=\"Sensorbox mit Temperatursensor Wassersensor Kontaktsensor mit POE und Netzwerkanschluss. Kann \u00fcber MQTT, JSON und Prometheus abgefragt werden.\" class=\"wp-image-10167\" srcset=\"https:\/\/openandhome.de\/wp-content\/uploads\/20230304_110757-1024x485.jpg 1024w, https:\/\/openandhome.de\/wp-content\/uploads\/20230304_110757-300x142.jpg 300w, https:\/\/openandhome.de\/wp-content\/uploads\/20230304_110757-768x363.jpg 768w, https:\/\/openandhome.de\/wp-content\/uploads\/20230304_110757-1536x727.jpg 1536w, https:\/\/openandhome.de\/wp-content\/uploads\/20230304_110757-2048x969.jpg 2048w, https:\/\/openandhome.de\/wp-content\/uploads\/20230304_110757-416x197.jpg 416w\" sizes=\"auto, (max-width: 1024px) 100vw, 1024px\" \/><\/a><figcaption class=\"wp-element-caption\">Sensorbox Professional (LAN)<\/figcaption><\/figure>\n\n\n\n<figure class=\"wp-block-image size-large\"><img loading=\"lazy\" decoding=\"async\" width=\"729\" height=\"1024\" data-id=\"9842\" src=\"https:\/\/openandhome.de\/wp-content\/uploads\/2021\/04\/2021_04_18_OpenAndHome_MG_1994-729x1024.jpg\" alt=\"Sensorbox Premium mit Temperatursensor. Die Stromversorgung erfolgt \u00fcber ein USB-Netzteil und die Kommunikation \u00fcber WLAN. Kann \u00fcber MQTT, JSON und Prometheus abgefragt werden.\" class=\"wp-image-9842\" srcset=\"https:\/\/openandhome.de\/wp-content\/uploads\/2021\/04\/2021_04_18_OpenAndHome_MG_1994-729x1024.jpg 729w, https:\/\/openandhome.de\/wp-content\/uploads\/2021\/04\/2021_04_18_OpenAndHome_MG_1994-214x300.jpg 214w, https:\/\/openandhome.de\/wp-content\/uploads\/2021\/04\/2021_04_18_OpenAndHome_MG_1994-768x1078.jpg 768w, https:\/\/openandhome.de\/wp-content\/uploads\/2021\/04\/2021_04_18_OpenAndHome_MG_1994-1094x1536.jpg 1094w, https:\/\/openandhome.de\/wp-content\/uploads\/2021\/04\/2021_04_18_OpenAndHome_MG_1994-1459x2048.jpg 1459w, https:\/\/openandhome.de\/wp-content\/uploads\/2021\/04\/2021_04_18_OpenAndHome_MG_1994-416x584.jpg 416w, https:\/\/openandhome.de\/wp-content\/uploads\/2021\/04\/2021_04_18_OpenAndHome_MG_1994-43x60.jpg 43w, https:\/\/openandhome.de\/wp-content\/uploads\/2021\/04\/2021_04_18_OpenAndHome_MG_1994-64x90.jpg 64w, https:\/\/openandhome.de\/wp-content\/uploads\/2021\/04\/2021_04_18_OpenAndHome_MG_1994.jpg 1567w\" sizes=\"auto, (max-width: 729px) 100vw, 729px\" \/><figcaption class=\"wp-element-caption\"> Sensorbox Premium (WLAN\/WIFI)<\/figcaption><\/figure>\n\n\n\n<figure class=\"wp-block-image size-large\"><img loading=\"lazy\" decoding=\"async\" width=\"1024\" height=\"683\" data-id=\"9855\" src=\"https:\/\/openandhome.de\/wp-content\/uploads\/2021\/05\/2021_05_09_OpenAndHome_Blog_RaspPI_02__MG_2925-1024x683.jpg\" alt=\"Openandhome-Datenlogger  zur Aufzeichnung und Visualisierung Ihrer Daten. Der Anschluss der Box erfolgt mit LAN-Kabel und die Stromversorgung \u00fcber USB.\" class=\"wp-image-9855\" srcset=\"https:\/\/openandhome.de\/wp-content\/uploads\/2021\/05\/2021_05_09_OpenAndHome_Blog_RaspPI_02__MG_2925-1024x683.jpg 1024w, https:\/\/openandhome.de\/wp-content\/uploads\/2021\/05\/2021_05_09_OpenAndHome_Blog_RaspPI_02__MG_2925-300x200.jpg 300w, https:\/\/openandhome.de\/wp-content\/uploads\/2021\/05\/2021_05_09_OpenAndHome_Blog_RaspPI_02__MG_2925-768x512.jpg 768w, https:\/\/openandhome.de\/wp-content\/uploads\/2021\/05\/2021_05_09_OpenAndHome_Blog_RaspPI_02__MG_2925-1536x1025.jpg 1536w, https:\/\/openandhome.de\/wp-content\/uploads\/2021\/05\/2021_05_09_OpenAndHome_Blog_RaspPI_02__MG_2925-416x277.jpg 416w, https:\/\/openandhome.de\/wp-content\/uploads\/2021\/05\/2021_05_09_OpenAndHome_Blog_RaspPI_02__MG_2925-90x60.jpg 90w, https:\/\/openandhome.de\/wp-content\/uploads\/2021\/05\/2021_05_09_OpenAndHome_Blog_RaspPI_02__MG_2925-135x90.jpg 135w, https:\/\/openandhome.de\/wp-content\/uploads\/2021\/05\/2021_05_09_OpenAndHome_Blog_RaspPI_02__MG_2925.jpg 2000w\" sizes=\"auto, (max-width: 1024px) 100vw, 1024px\" \/><figcaption class=\"wp-element-caption\">Datenlogger (Visualisierung)<\/figcaption><\/figure>\n<\/figure>\n\n\n\n<hr class=\"wp-block-separator has-alpha-channel-opacity\"\/>\n\n\n\n<h3 class=\"wp-block-heading\">1.) <a href=\"https:\/\/openandhome.de\/index.php\/produkt\/sensorbox_zur_ueberwachung\/\">Sensorbox Professional (LAN\/POE)<\/a><\/h3>\n\n\n\n<p><strong>Der Anschluss der Box erfolgt mit Netzwerkanschluss RJ45 und die Stromversorgung erfolgt \u00fcber POE\/LAN-Kabel oder optional USB.<\/strong><\/p>\n\n\n\n<hr class=\"wp-block-separator has-alpha-channel-opacity\"\/>\n\n\n\n<h3 class=\"wp-block-heading\">2.) <a href=\"https:\/\/openandhome.de\/index.php\/produkt\/premium-openandhome-sensorbox\/\">Sensorbox Premium (WLAN\/WIFI)<\/a><\/h3>\n\n\n\n<p><strong>Der Anschluss der Box erfolgt mit WLAN\/Wifi  und die Stromversorgung erfolgt \u00fcber USB.<\/strong><\/p>\n\n\n\n<h3 class=\"wp-block-heading\">3.) <a href=\"https:\/\/openandhome.de\/index.php\/produkt\/openandhome-datenlogger\/\">Openandhome-Datenlogger<\/a>  zur Aufzeichnung und Visualisierung Ihrer Daten<\/h3>\n\n\n\n<p><strong>Der Anschluss der Box erfolgt mit LAN-Kabel  und die Stromversorgung erfolgt \u00fcber USB<\/strong><\/p>\n\n\n\n<hr class=\"wp-block-separator has-alpha-channel-opacity\"\/>\n\n\n\n<p>M\u00f6chten Sie mehr dar\u00fcber erfahren, <a href=\"https:\/\/www.openandhome.de\/index.php\/ueber-uns\/\">so lesen sie hier weiter&#8230;&nbsp;<\/a><\/p>\n\n\n\n<p>Sie k\u00f6nnen hier im <a href=\"https:\/\/www.openandhome.de\/index.php\/shop\/\">Shop<\/a> einkaufen oder uns bei Fragen und individuellen Konfigurationsw\u00fcnschen gerne via Mail kontaktieren. (<a href=\"mailto:info@openandhome.de\">info@openandhome.de<\/a>)<\/p>\n\n\n\n<div class=\"wp-block-columns is-layout-flex wp-container-core-columns-is-layout-28f84493 wp-block-columns-is-layout-flex\">\n<div class=\"wp-block-column is-layout-flow wp-block-column-is-layout-flow\" style=\"flex-basis:100%\">\n<figure class=\"wp-block-gallery has-nested-images columns-default is-cropped wp-block-gallery-2 is-layout-flex wp-block-gallery-is-layout-flex\">\n<figure class=\"wp-block-image size-large is-style-default\"><img loading=\"lazy\" decoding=\"async\" width=\"682\" height=\"1024\" data-id=\"9834\" src=\"https:\/\/openandhome.de\/wp-content\/uploads\/2021\/04\/2021_04_11_OpenAndHome_MG_2182-682x1024.jpg\" alt=\"Premium Sensorbox mit Display.  Open Source MQTT ESPEasy JSON Prometheus\n\" class=\"wp-image-9834\" srcset=\"https:\/\/openandhome.de\/wp-content\/uploads\/2021\/04\/2021_04_11_OpenAndHome_MG_2182-682x1024.jpg 682w, https:\/\/openandhome.de\/wp-content\/uploads\/2021\/04\/2021_04_11_OpenAndHome_MG_2182-200x300.jpg 200w, https:\/\/openandhome.de\/wp-content\/uploads\/2021\/04\/2021_04_11_OpenAndHome_MG_2182-768x1153.jpg 768w, https:\/\/openandhome.de\/wp-content\/uploads\/2021\/04\/2021_04_11_OpenAndHome_MG_2182-1024x1536.jpg 1024w, https:\/\/openandhome.de\/wp-content\/uploads\/2021\/04\/2021_04_11_OpenAndHome_MG_2182-1365x2048.jpg 1365w, https:\/\/openandhome.de\/wp-content\/uploads\/2021\/04\/2021_04_11_OpenAndHome_MG_2182-416x624.jpg 416w, https:\/\/openandhome.de\/wp-content\/uploads\/2021\/04\/2021_04_11_OpenAndHome_MG_2182-40x60.jpg 40w, https:\/\/openandhome.de\/wp-content\/uploads\/2021\/04\/2021_04_11_OpenAndHome_MG_2182-60x90.jpg 60w, https:\/\/openandhome.de\/wp-content\/uploads\/2021\/04\/2021_04_11_OpenAndHome_MG_2182.jpg 1466w\" sizes=\"auto, (max-width: 682px) 100vw, 682px\" \/><\/figure>\n\n\n\n<figure class=\"wp-block-image size-large\"><img loading=\"lazy\" decoding=\"async\" width=\"1024\" height=\"683\" data-id=\"9855\" src=\"https:\/\/openandhome.de\/wp-content\/uploads\/2021\/05\/2021_05_09_OpenAndHome_Blog_RaspPI_02__MG_2925-1024x683.jpg\" alt=\"\" class=\"wp-image-9855\" srcset=\"https:\/\/openandhome.de\/wp-content\/uploads\/2021\/05\/2021_05_09_OpenAndHome_Blog_RaspPI_02__MG_2925-1024x683.jpg 1024w, https:\/\/openandhome.de\/wp-content\/uploads\/2021\/05\/2021_05_09_OpenAndHome_Blog_RaspPI_02__MG_2925-300x200.jpg 300w, https:\/\/openandhome.de\/wp-content\/uploads\/2021\/05\/2021_05_09_OpenAndHome_Blog_RaspPI_02__MG_2925-768x512.jpg 768w, https:\/\/openandhome.de\/wp-content\/uploads\/2021\/05\/2021_05_09_OpenAndHome_Blog_RaspPI_02__MG_2925-1536x1025.jpg 1536w, https:\/\/openandhome.de\/wp-content\/uploads\/2021\/05\/2021_05_09_OpenAndHome_Blog_RaspPI_02__MG_2925-416x277.jpg 416w, https:\/\/openandhome.de\/wp-content\/uploads\/2021\/05\/2021_05_09_OpenAndHome_Blog_RaspPI_02__MG_2925-90x60.jpg 90w, https:\/\/openandhome.de\/wp-content\/uploads\/2021\/05\/2021_05_09_OpenAndHome_Blog_RaspPI_02__MG_2925-135x90.jpg 135w, https:\/\/openandhome.de\/wp-content\/uploads\/2021\/05\/2021_05_09_OpenAndHome_Blog_RaspPI_02__MG_2925.jpg 2000w\" sizes=\"auto, (max-width: 1024px) 100vw, 1024px\" \/><\/figure>\n<\/figure>\n<\/div>\n<\/div>\n","protected":false},"excerpt":{"rendered":"<p>Sie m\u00f6chten Unsere L\u00f6sungen: 1.) Sensorbox Professional (LAN\/POE) Der Anschluss der Box erfolgt mit Netzwerkanschluss RJ45 und die Stromversorgung erfolgt \u00fcber POE\/LAN-Kabel oder optional USB. 2.) Sensorbox Premium (WLAN\/WIFI) Der Anschluss der Box erfolgt mit WLAN\/Wifi und die Stromversorgung erfolgt \u00fcber USB. 3.) Openandhome-Datenlogger zur Aufzeichnung und Visualisierung Ihrer Daten Der Anschluss der Box erfolgt [&hellip;]<\/p>\n","protected":false},"author":1,"featured_media":9748,"parent":0,"menu_order":0,"comment_status":"closed","ping_status":"closed","template":"","meta":{"footnotes":""},"class_list":["post-10","page","type-page","status-publish","has-post-thumbnail","hentry"],"_links":{"self":[{"href":"https:\/\/openandhome.de\/index.php\/wp-json\/wp\/v2\/pages\/10","targetHints":{"allow":["GET"]}}],"collection":[{"href":"https:\/\/openandhome.de\/index.php\/wp-json\/wp\/v2\/pages"}],"about":[{"href":"https:\/\/openandhome.de\/index.php\/wp-json\/wp\/v2\/types\/page"}],"author":[{"embeddable":true,"href":"https:\/\/openandhome.de\/index.php\/wp-json\/wp\/v2\/users\/1"}],"replies":[{"embeddable":true,"href":"https:\/\/openandhome.de\/index.php\/wp-json\/wp\/v2\/comments?post=10"}],"version-history":[{"count":71,"href":"https:\/\/openandhome.de\/index.php\/wp-json\/wp\/v2\/pages\/10\/revisions"}],"predecessor-version":[{"id":10317,"href":"https:\/\/openandhome.de\/index.php\/wp-json\/wp\/v2\/pages\/10\/revisions\/10317"}],"wp:featuredmedia":[{"embeddable":true,"href":"https:\/\/openandhome.de\/index.php\/wp-json\/wp\/v2\/media\/9748"}],"wp:attachment":[{"href":"https:\/\/openandhome.de\/index.php\/wp-json\/wp\/v2\/media?parent=10"}],"curies":[{"name":"wp","href":"https:\/\/api.w.org\/{rel}","templated":true}]}}