{"id":10051,"date":"2022-01-18T19:48:32","date_gmt":"2022-01-18T18:48:32","guid":{"rendered":"https:\/\/www.openandhome.de\/?post_type=product&#038;p=10051"},"modified":"2026-01-28T12:57:37","modified_gmt":"2026-01-28T11:57:37","slug":"openandhome-datenlogger","status":"publish","type":"product","link":"https:\/\/openandhome.de\/index.php\/produkt\/openandhome-datenlogger\/","title":{"rendered":"Openandhome-Datenlogger"},"content":{"rendered":"<div>\n<h1>Funktionsbeschreibung:<\/h1>\n<p>Der Datenlogger ist f\u00fcr die drahtgebunde Langzeit\u00fcberwachung von Temperatur und Feuchte (z.B. Heizung, Sch\u00fcttg\u00fcter, Getreide etc.) konzipiert. Alle Komponenten sind aufeinander abgestimmt und vorkonfiguriert. Der Server dient f\u00fcr die Speicherung, Darstellung und Auswertung der aufgezeichneten Daten. Der Server muss<br \/>\nmit einem Kabel in das kundeneigene Netz eingebunden werden. Der Datensammler ist ein Raspberry dieser erm\u00f6glicht die Auswertung beliebig vieler Sensorboxen \u00fcber einen l\u00e4ngeren Zeitraum.<\/p>\n<p>Eine regelm\u00e4\u00dfige Temperaturkontrolle und eine Langzeit\u00fcberwachung ist somit m\u00f6glich.<\/p>\n<p>Die verwendete Software (Sensorbox und Datensammler)\u00a0 ist offen und modifizierbar.<\/p>\n<h1>Anwendungsbereiche:<\/h1>\n<p>Das angebotene Messsystem eignet sich f\u00fcr kleine und mittelgro\u00dfe Anwendungsf\u00e4lle. Der Server ist nur f\u00fcr den Einsatz im Innen- und wettergesch\u00fctztem Au\u00dfenbereich geeignet. Sowohl im privaten als auch gewerblichen Bereich.<\/p>\n<p>Es gibt sehr viele Anwendungsbereiche, die Sie in Ihren WLAN Bereich nutzen k\u00f6nnen, hier nur eine kleine Auswahl:<\/p>\n<ul>\n<li>Langzeit\u00fcberwachung von Temperatur und Luftfeuchte bei Geb\u00e4uden<\/li>\n<li>Temperatur\u00fcberwachung Ihrer Heizungsanlage<\/li>\n<li>Temperatur\u00fcberwachung bei Sch\u00fcttgut (Getreide etc.)<\/li>\n<li>Temperatur\u00fcberwachung bei Obst- und Ackerfr\u00fcchten<\/li>\n<li>Temperatur\u00fcberwachung im Weinbau<\/li>\n<\/ul>\n<h1>Eigenschaften:<\/h1>\n<p>&nbsp;<\/p>\n<ul>\n<li>LAN-Anschluss<\/li>\n<li>Sie k\u00f6nnen die<\/li>\n<li>Die regelm\u00e4\u00dfige Temperaturkontrolle und \u00dcberwachung Ihrer G\u00fcter verhindert Sch\u00e4den und spart Energie<\/li>\n<li>Lagerverluste durch Insekten und Pilze werden abgewehrt.<\/li>\n<\/ul>\n<\/div>\n<div>\n<h1>Technische Daten:<\/h1>\n<table width=\"605\" cellspacing=\"0\" cellpadding=\"4\">\n<colgroup>\n<col width=\"193\" \/>\n<col width=\"395\" \/> <\/colgroup>\n<tbody>\n<tr valign=\"top\">\n<td width=\"193\">Datensammler<\/td>\n<td width=\"395\">Rasperry PI 4, Model B<\/td>\n<\/tr>\n<tr valign=\"top\">\n<td width=\"193\">Software<\/td>\n<td width=\"395\"><a href=\"https:\/\/www.raspberrypi.org\/downloads\/\">Raspian<\/a>, <a href=\"https:\/\/mosquitto.org\/\">Mosquitto<\/a>, <a href=\"https:\/\/www.influxdata.com\/time-series-platform\/telegraf\/\">Telegraf<\/a>, <a href=\"https:\/\/grafana.com\/docs\/grafana\/latest\/guides\/what-is-grafana\/\">Grafana<\/a><\/td>\n<\/tr>\n<tr valign=\"top\">\n<td width=\"193\">Geh\u00e4use<\/td>\n<td width=\"395\">Offzielles Geh\u00e4use f\u00fcr Raspberry PI 4<\/td>\n<\/tr>\n<tr valign=\"top\">\n<td width=\"193\">Stromversorgung<\/td>\n<td width=\"395\">Offizielles USB-C Netzteil 5,1V \/ 3A<\/td>\n<\/tr>\n<tr valign=\"top\">\n<td width=\"193\">Anschlusskabel<\/td>\n<td width=\"395\">Netzwerkkabel Cat5, 0,5 M<\/td>\n<\/tr>\n<tr valign=\"top\">\n<td width=\"193\">Packliste:<\/td>\n<td width=\"395\">Openandhome-Server, Netzteil, Netzwerkkabel, 1x Bedienungsanleitung in Deutsch mit Serviceadresse<\/td>\n<\/tr>\n<\/tbody>\n<\/table>\n<table width=\"100%\" cellspacing=\"0\" cellpadding=\"0\">\n<colgroup>\n<col width=\"0*\" \/>\n<col width=\"202*\" \/>\n<col width=\"34*\" \/>\n<col width=\"20*\" \/> <\/colgroup>\n<tbody>\n<tr>\n<td width=\"0%\"><\/td>\n<td width=\"79%\">\n<h2><strong>Sicherheitshinweise:<\/strong><\/h2>\n<ul>\n<li>Dieser Sensor wurde mit einem stabilen Geh\u00e4use ausgestattet, gegen Schlag ist dieser zu sch\u00fctzen<\/li>\n<li>Betreiben Sie den Sensor nur mit der vorgesehenen Schutzkleinspannung<\/li>\n<li>F\u00fcr Kinder ist dieser Datenlogger nicht geeignet<\/li>\n<li>Ger\u00e4t nicht eigenm\u00e4chtig \u00f6ffnen<\/li>\n<li>F\u00fcr Sch\u00e4den jeglicher Art, die durch nicht sachgem\u00e4\u00dfen Umgang, Ver\u00e4nderung oder Nichtbeachtung dieser Bedienungsanleitung verursacht werden, \u00fcbernehmen wir keine Haftung!<\/li>\n<\/ul>\n<\/td>\n<td width=\"13%\"><\/td>\n<td width=\"8%\"><\/td>\n<\/tr>\n<tr>\n<td width=\"0%\"><\/td>\n<td width=\"79%\">\n<h2><strong>Entsorgungshinweise:<\/strong><\/h2>\n<ul>\n<li>Ger\u00e4t nicht im Hausm\u00fcll entsorgen!<\/li>\n<li>Altger\u00e4te k\u00f6nnen an uns zur\u00fcckgesendet werden, um Elektroschrott zu vermeiden und Rohstoffe zu schonen!<\/li>\n<\/ul>\n<\/td>\n<td width=\"13%\"><\/td>\n<td width=\"8%\"><\/td>\n<\/tr>\n<tr>\n<td width=\"0%\"><\/td>\n<td width=\"79%\">\n<h2>W<strong>eitere Informationen:<\/strong><\/h2>\n<ul>\n<li>Fragen zum Produkt k\u00f6nnen Sie an uns richten: <strong>info@openandhome.de<\/strong><\/li>\n<\/ul>\n<\/td>\n<td width=\"13%\"><\/td>\n<td width=\"8%\"><\/td>\n<\/tr>\n<\/tbody>\n<\/table>\n<p class=\"western\" align=\"center\">\n<\/div>\n","protected":false},"excerpt":{"rendered":"<div>\n<h1>Beschreibung:<\/h1>\n<ul>\n<li>1 Datensammler f\u00fcr die Langzeit\u00fcberwachung (Raspberry)<\/li>\n<li>Mit Software um beliebige Daten zu visualisieren (Mosquitto\/Telegraf\/Influxdb\/Grafana)<\/li>\n<li>Software ist so angepasst, dass diese direkt die Daten unserer Sensorboxen visualisieren kann<\/li>\n<li>Wir konfigurieren Ihnen den Datenlogger direkt mit unseren Sensorboxen, falls Sie diese gemeinsam bestellen<\/li>\n<li>Deutschsprachige Anleitung<\/li>\n<\/ul>\n<div>\n<p>F\u00fcr die Fertigung und Tests ben\u00f6tigen wir 10 Arbeitstage.<\/p>\n<\/div>\n<p><strong>Achtung<\/strong> dies ist nur der Datensammler f\u00fcr die Langzeit\u00fcberwachung.<\/p>\n<ul>\n<li>Sie ben\u00f6tigen dazu noch <strong>mindestens<\/strong> eine <a href=\"https:\/\/openandhome.de\/index.php\/produkt\/sensorbox_zur_ueberwachung\/\">Sensorbox Professional (Kabel\/RJ45) mit Temperatur-\/Wasser-\/Kontaktsensor<\/a> oder eine <a href=\"https:\/\/www.openandhome.de\/index.php\/produkt-kategorie\/openandhome\/sensorbox\/\">Sensorbox Premium (WLAN\/WIFI) <\/a><\/li>\n<li>Bei Fragen wenden Sie sich gerne an uns. Wir beraten Sie gerne und erstellen bei Bedarf ein Angebot. Wir k\u00f6nnen Sie auch gerne auf Stundenbasis bei der Einbindung in Ihr System unterst\u00fctzen. Fragen Sie an.<\/li>\n<\/ul>\n<\/div>\n<div><\/div>\n","protected":false},"featured_media":9855,"template":"","meta":[],"product_brand":[],"product_cat":[17,21],"product_tag":[25,22,23],"class_list":{"0":"post-10051","1":"product","2":"type-product","3":"status-publish","4":"has-post-thumbnail","6":"product_cat-openandhome","7":"product_cat-sensorbox","8":"product_tag-sens","9":"product_tag-sensorbox","10":"product_tag-wifi","11":"product_shipping_class-set","13":"first","14":"instock","15":"shipping-taxable","16":"purchasable","17":"product-type-simple"},"_links":{"self":[{"href":"https:\/\/openandhome.de\/index.php\/wp-json\/wp\/v2\/product\/10051","targetHints":{"allow":["GET"]}}],"collection":[{"href":"https:\/\/openandhome.de\/index.php\/wp-json\/wp\/v2\/product"}],"about":[{"href":"https:\/\/openandhome.de\/index.php\/wp-json\/wp\/v2\/types\/product"}],"wp:featuredmedia":[{"embeddable":true,"href":"https:\/\/openandhome.de\/index.php\/wp-json\/wp\/v2\/media\/9855"}],"wp:attachment":[{"href":"https:\/\/openandhome.de\/index.php\/wp-json\/wp\/v2\/media?parent=10051"}],"wp:term":[{"taxonomy":"product_brand","embeddable":true,"href":"https:\/\/openandhome.de\/index.php\/wp-json\/wp\/v2\/product_brand?post=10051"},{"taxonomy":"product_cat","embeddable":true,"href":"https:\/\/openandhome.de\/index.php\/wp-json\/wp\/v2\/product_cat?post=10051"},{"taxonomy":"product_tag","embeddable":true,"href":"https:\/\/openandhome.de\/index.php\/wp-json\/wp\/v2\/product_tag?post=10051"}],"curies":[{"name":"wp","href":"https:\/\/api.w.org\/{rel}","templated":true}]}}