{"id":10231,"date":"2023-10-04T20:33:46","date_gmt":"2023-10-04T18:33:46","guid":{"rendered":"https:\/\/openandhome.de\/?post_type=product&#038;p=10231"},"modified":"2024-06-30T18:57:47","modified_gmt":"2024-06-30T16:57:47","slug":"wasser-und-kontaktsensor-typ-wls-06","status":"publish","type":"product","link":"https:\/\/openandhome.de\/index.php\/produkt\/wasser-und-kontaktsensor-typ-wls-06\/","title":{"rendered":"Wasser- und Kontaktsensor (Typ WLS-06)"},"content":{"rendered":"<div>\n<div>\n<div>\n<div>\n<div>\n<table align=\"center\">\n<tbody>\n<tr>\n<td>\n<div>\n<div>\n<div>\n<div>\n<div>\n<p><b>Ausf\u00fchrungsvariante:<\/b><\/p>\n<div><strong>Kabell\u00e4nge 3 Meter<\/strong><\/div>\n<div><\/div>\n<div>1 Messf\u00fchler f\u00fcr Wasser und Kontakt mit wasserdichtem Kabel .<\/div>\n<div>\n<div><\/div>\n<div>Sie k\u00f6nnen diesen<strong> Messf\u00fchler mit einer <\/strong>\u00a0<a href=\"https:\/\/www.openandhome.de\/index.php\/produkt\/premium-openandhome-sensorbox\/\">Premium Sensorbox von Openandhome<\/a> oder der\u00a0<a href=\"https:\/\/openandhome.de\/index.php\/produkt\/sensorbox_zur_ueberwachung\/\">Sensorbox Professional (Kabel\/RJ45) mit Temperatursensor\u00a0<\/a>kombinieren.<\/div>\n<\/div>\n<\/div>\n<\/div>\n<\/div>\n<\/div>\n<\/div>\n<\/td>\n<\/tr>\n<\/tbody>\n<\/table>\n<\/div>\n<\/div>\n<\/div>\n<\/div>\n<\/div>\n<div>\n<p><strong>Wassersensor:<\/strong><\/p>\n<ul>\n<li>Sensor wird vor Versand in zugeh\u00f6riger <a href=\"https:\/\/www.openandhome.de\/index.php\/produkt\/sensorbox-wlan\/\">Sensorbox<\/a> montiert und in der Software der<a href=\"https:\/\/www.openandhome.de\/index.php\/produkt\/openandhome-sensorbox-wlan\/\"> Sensorbox<\/a> eingerichtet<\/li>\n<li>In Deutschland montiert<\/li>\n<li>In Deutschland qualit\u00e4tsgesichert<\/li>\n<li>Mit deutscher Installationsanleitung<\/li>\n<li>Mit deutschem Support<\/li>\n<li>Keine Daten\u00fcbertragung aus Ihrem Netz<\/li>\n<li>Mit Quelloffener Software (<a href=\"https:\/\/letscontrolit.com\/wiki\/index.php\/ESPEasy\">ESPEasy<\/a>)<\/li>\n<li>Vorbereitet f\u00fcr die Einbindung in SmartHome-Systemen wie\n<ul>\n<li><a href=\"https:\/\/de.wikipedia.org\/wiki\/OpenHAB\">OpenHAB<\/a><\/li>\n<li><a href=\"https:\/\/de.wikipedia.org\/wiki\/FHEM\">FHEM<\/a><\/li>\n<li><a href=\"https:\/\/www.domoticz.com\/wiki\/About_Domoticz\">Domoticz<\/a><\/li>\n<li><a href=\"https:\/\/de.wikipedia.org\/wiki\/Node-RED\">Node Red<\/a><\/li>\n<li><a href=\"https:\/\/de.wikipedia.org\/wiki\/IoBroker\">IoBroker<\/a><\/li>\n<\/ul>\n<\/li>\n<\/ul>\n<p><strong>Anwendungsbereich:<\/strong><\/p>\n<p>Der Sensor wird mit einem Geh\u00e4use (<a href=\"https:\/\/www.openandhome.de\/index.php\/produkt\/openandhome-sensorbox-wlan\/\">Sensorbox<\/a>) gegen Feuchtigkeit gesch\u00fctzt ausgeliefert und ist daher f\u00fcr den Einsatz im Innen- und gesch\u00fctztem Au\u00dfenbereich hervorragend geeignet. Sowohl im privaten als auch industriellen Bereich.<\/p>\n<p>&nbsp;<\/p>\n<p><strong>Eigenschaften:<\/strong><\/p>\n<ul>\n<li>f\u00fcr Temperaturen von \u2013 25\u00b0C bis 120\u00b0C<\/li>\n<li>Wasserdicht<\/li>\n<\/ul>\n<p><strong>Technische Daten:<\/strong><\/p>\n<table width=\"605\" cellspacing=\"0\" cellpadding=\"4\">\n<colgroup>\n<col width=\"193\" \/>\n<col width=\"395\" \/> <\/colgroup>\n<tbody>\n<tr valign=\"top\">\n<td width=\"193\">F\u00fchler<\/td>\n<td width=\"395\">Wasser- und Kontaktsensor (Typ WLS-06), wasserdicht, mit schwarzem Kabel feuchtigkeitsbest\u00e4ndig,<\/p>\n<p>&nbsp;<\/p>\n<p>Betriebstemperaturbereich: -20\u00b0C &#8211; +100\u00b0C<\/p>\n<p>Versorgungsspannungsbereich: 3.0V-5.5V DC<\/td>\n<\/tr>\n<tr valign=\"top\">\n<td width=\"193\">Packliste:<\/td>\n<td width=\"395\">Messf\u00fchler<\/td>\n<\/tr>\n<\/tbody>\n<\/table>\n<table width=\"100%\" cellspacing=\"0\" cellpadding=\"0\">\n<colgroup>\n<col width=\"0*\" \/>\n<col width=\"202*\" \/>\n<col width=\"34*\" \/>\n<col width=\"20*\" \/> <\/colgroup>\n<tbody>\n<tr>\n<td width=\"0%\"><\/td>\n<td width=\"79%\"><strong>Sicherheitshinweise:<\/strong><\/p>\n<ul>\n<li>Betreiben Sie den Sensor nur mit der vorgesehenen Schutzkleinspannung<\/li>\n<li>F\u00fcr Kinder ist dieser Sensor nicht geeignet<\/li>\n<li>F\u00fcr Sch\u00e4den jeglicher Art, die durch nicht sachgem\u00e4\u00dfen Umgang, Ver\u00e4nderung oder Nichtbeachtung dieser Bedienungsanleitung verursacht werden, \u00fcbernehmen wir keine Haftung!<\/li>\n<\/ul>\n<\/td>\n<td width=\"13%\"><\/td>\n<td width=\"8%\"><\/td>\n<\/tr>\n<tr>\n<td width=\"0%\"><\/td>\n<td width=\"79%\"><strong>Entsorgungshinweise:<\/strong><\/p>\n<ul>\n<li>Ger\u00e4t nicht im Hausm\u00fcll entsorgen!<\/li>\n<li>Altger\u00e4te k\u00f6nnen an uns zur\u00fcckgesendet werden, um Elektroschrott zu vermeiden und Rohstoffe zu schonen!<\/li>\n<\/ul>\n<\/td>\n<td width=\"13%\"><\/td>\n<td width=\"8%\"><\/td>\n<\/tr>\n<tr>\n<td width=\"0%\"><\/td>\n<td width=\"79%\">W<strong>eitere Informationen:<\/strong><\/p>\n<ul>\n<li>Fragen zum Produkt k\u00f6nnen Sie an uns richten: <strong>info@openandhome.de<\/strong><\/li>\n<\/ul>\n<\/td>\n<td width=\"13%\"><\/td>\n<td width=\"8%\"><\/td>\n<\/tr>\n<\/tbody>\n<\/table>\n<p class=\"western\" align=\"center\">\n<\/div>\n","protected":false},"excerpt":{"rendered":"<div>1 Messf\u00fchler f\u00fcr Wasser und Kontakt mit wasserdichtem Kabel.<\/div>\n<div><strong>Kabell\u00e4nge 3 Meter<\/strong><\/div>\n<div>\n<div><\/div>\n<div>\n<div>1 Messf\u00fchler f\u00fcr Wasser und Kontakt mit wasserdichtem Kabel .<\/div>\n<div>\n<div><\/div>\n<div>Sie k\u00f6nnen diesen<strong> Messf\u00fchler mit einer <\/strong>\u00a0<a href=\"https:\/\/www.openandhome.de\/index.php\/produkt\/premium-openandhome-sensorbox\/\">Premium Sensorbox von Openandhome<\/a> oder der\u00a0<a href=\"https:\/\/openandhome.de\/index.php\/produkt\/sensorbox_zur_ueberwachung\/\">Sensorbox Professional (Kabel\/RJ45) mit Temperatursensor\u00a0<\/a>kombinieren.<\/div>\n<\/div>\n<\/div>\n<\/div>\n","protected":false},"featured_media":10168,"template":"","meta":[],"product_brand":[],"product_cat":[17,18],"product_tag":[22,42],"class_list":{"0":"post-10231","1":"product","2":"type-product","3":"status-publish","4":"has-post-thumbnail","6":"product_cat-openandhome","7":"product_cat-temperatursensor","8":"product_tag-sensorbox","9":"product_tag-wassersensor","11":"first","12":"instock","13":"shipping-taxable","14":"purchasable","15":"product-type-simple"},"_links":{"self":[{"href":"https:\/\/openandhome.de\/index.php\/wp-json\/wp\/v2\/product\/10231","targetHints":{"allow":["GET"]}}],"collection":[{"href":"https:\/\/openandhome.de\/index.php\/wp-json\/wp\/v2\/product"}],"about":[{"href":"https:\/\/openandhome.de\/index.php\/wp-json\/wp\/v2\/types\/product"}],"wp:featuredmedia":[{"embeddable":true,"href":"https:\/\/openandhome.de\/index.php\/wp-json\/wp\/v2\/media\/10168"}],"wp:attachment":[{"href":"https:\/\/openandhome.de\/index.php\/wp-json\/wp\/v2\/media?parent=10231"}],"wp:term":[{"taxonomy":"product_brand","embeddable":true,"href":"https:\/\/openandhome.de\/index.php\/wp-json\/wp\/v2\/product_brand?post=10231"},{"taxonomy":"product_cat","embeddable":true,"href":"https:\/\/openandhome.de\/index.php\/wp-json\/wp\/v2\/product_cat?post=10231"},{"taxonomy":"product_tag","embeddable":true,"href":"https:\/\/openandhome.de\/index.php\/wp-json\/wp\/v2\/product_tag?post=10231"}],"curies":[{"name":"wp","href":"https:\/\/api.w.org\/{rel}","templated":true}]}}