{"id":2767,"date":"2019-01-15T20:49:01","date_gmt":"2019-01-15T19:49:01","guid":{"rendered":"https:\/\/www.openandhome.de\/?post_type=product&#038;p=2767"},"modified":"2026-03-09T20:12:48","modified_gmt":"2026-03-09T19:12:48","slug":"temperatursensor-5-meter-kabellaenge-ds18b20","status":"publish","type":"product","link":"https:\/\/openandhome.de\/index.php\/produkt\/temperatursensor-5-meter-kabellaenge-ds18b20\/","title":{"rendered":"Temperaturf\u00fchler 5 Meter Kabell\u00e4nge (DS18B20)  Wasserdicht"},"content":{"rendered":"<div>\n<div>\n<div>\n<div>\n<div>\n<table align=\"center\">\n<tbody>\n<tr>\n<td>\n<div>\n<div>\n<div>\n<div>\n<div>\n<p><b>Ausf\u00fchrungsvariante:<\/b><\/p>\n<div><strong>Kabell\u00e4nge 5 Meter<\/strong><\/div>\n<div><\/div>\n<div>1 Messf\u00fchler f\u00fcr Temperatur (DS18B20) mit wasserdichtem Kabel .<\/div>\n<div>Sie k\u00f6nnen bis zu <strong>4 Messf\u00fchler<\/strong> kombinieren. Zus\u00e4tzlich ben\u00f6tigen Sie die <a href=\"https:\/\/www.openandhome.de\/index.php\/produkt\/premium-openandhome-sensorbox\/\">Sensorbox von Openandhome<\/a>.<\/div>\n<\/div>\n<\/div>\n<\/div>\n<\/div>\n<\/div>\n<\/td>\n<\/tr>\n<\/tbody>\n<\/table>\n<\/div>\n<\/div>\n<\/div>\n<\/div>\n<\/div>\n<div>\n<p><strong>Temperatursensor:<\/strong><\/p>\n<ul>\n<li>Sensor wird vor Versand in zugeh\u00f6riger <a href=\"https:\/\/www.openandhome.de\/index.php\/produkt\/sensorbox-wlan\/\">Sensorbox<\/a> montiert und in der Software der<a href=\"https:\/\/www.openandhome.de\/index.php\/produkt\/openandhome-sensorbox-wlan\/\"> Sensorbox<\/a> eingerichtet<\/li>\n<li>In Deutschland montiert<\/li>\n<li>In Deutschland qualit\u00e4tsgesichert<\/li>\n<li>Mit deutscher Installationsanleitung<\/li>\n<li>Mit deutschem Support<\/li>\n<li>Keine Daten\u00fcbertragung aus Ihrem Netz<\/li>\n<li>Mit Quelloffener Software (<a href=\"https:\/\/letscontrolit.com\/wiki\/index.php\/ESPEasy\">ESPEasy<\/a>)<\/li>\n<li>Vorbereitet f\u00fcr die Einbindung in SmartHome-Systemen wie\n<ul>\n<li><a href=\"https:\/\/de.wikipedia.org\/wiki\/OpenHAB\">OpenHAB<\/a><\/li>\n<li><a href=\"https:\/\/de.wikipedia.org\/wiki\/FHEM\">FHEM<\/a><\/li>\n<li><a href=\"https:\/\/www.domoticz.com\/wiki\/About_Domoticz\">Domoticz<\/a><\/li>\n<li><a href=\"https:\/\/de.wikipedia.org\/wiki\/Node-RED\">Node Red<\/a><\/li>\n<li><a href=\"https:\/\/de.wikipedia.org\/wiki\/IoBroker\">IoBroker<\/a><\/li>\n<\/ul>\n<\/li>\n<\/ul>\n<p><strong>Funktionsbeschreibung:<\/strong><\/p>\n<p>Der Temperatursensor ist mit einem NTC F\u00fchler ausgestattet. Die zugeh\u00f6rige <a href=\"https:\/\/www.openandhome.de\/index.php\/produkt\/openandhome-sensorbox-wlan\/\">Sensorbox<\/a> wird \u00fcber ein USB Kabel mit 5 Volt DC (mind. 500mA) versorgt. Mittels einer integrierten Wifi Antenne kann die Temperatur \u00fcber ein geeignetes Smartphone direkt (kurze Reichweite) oder in einem vorhandenen WLAN Netz \u00fcber ein Smartphone eingesehen werden.<\/p>\n<p><strong>Anwendungsbereich:<\/strong><\/p>\n<p>Der Sensor wird mit einem Geh\u00e4use (<a href=\"https:\/\/www.openandhome.de\/index.php\/produkt\/openandhome-sensorbox-wlan\/\">Sensorbox<\/a>) gegen Feuchtigkeit gesch\u00fctzt ausgeliefert und ist daher f\u00fcr den Einsatz im Innen- und gesch\u00fctztem Au\u00dfenbereich hervorragend geeignet. Sowohl im privaten als auch industriellen Bereich. Sie k\u00f6nnen Temperaturen von -55\u2026125\u00b0C jederzeit ermitteln. Es gibt sehr viele Anwendungsbereiche, die Sie in Ihren WLAN Bereich nutzen k\u00f6nnen, hier nur eine kleine Auswahl:<\/p>\n<ul>\n<li>Pooltemperatur<\/li>\n<li>K\u00fchlschranktemperatur<\/li>\n<li>Heizungstemperatur wie Vorlauf- oder R\u00fcckl\u00e4ufe<\/li>\n<li>Boilertemperatur<\/li>\n<li>Gew\u00e4chsh\u00e4user<\/li>\n<li>Wassertemperatur im Schwimmbad oder Gartenteich<\/li>\n<li>Solaranlage<\/li>\n<li>Au\u00dfentemperatur<\/li>\n<li>Zimmertemperatur<\/li>\n<li>Saunatemperatur<\/li>\n<li>Gefrieranlage<\/li>\n<li>Lagertemperatur<\/li>\n<li>\u00dcberwachung von Sch\u00fcttg\u00fctern wie Getreide, Kartoffeln etc.<\/li>\n<li>uvm.<\/li>\n<\/ul>\n<p>&nbsp;<\/p>\n<p><strong>Eigenschaften:<\/strong><\/p>\n<ul>\n<li>f\u00fcr Temperaturen von \u2013 25\u00b0C bis 120\u00b0C<\/li>\n<li>Wasserdicht<\/li>\n<\/ul>\n<p><strong>Technische Daten:<\/strong><\/p>\n<table width=\"605\" cellspacing=\"0\" cellpadding=\"4\">\n<colgroup>\n<col width=\"193\" \/>\n<col width=\"395\" \/> <\/colgroup>\n<tbody>\n<tr valign=\"top\">\n<td width=\"193\">F\u00fchler<\/td>\n<td width=\"395\">Thermometer Temperaturf\u00fchler, Hochwertige Edelstahl-R\u00f6hre, wasserdicht, mit schwarzem Kabel feuchtigkeitsbest\u00e4ndig,<\/p>\n<p>d=6 mm*50mm, NTC<\/p>\n<p>Betriebstemperaturbereich: -55\u00b0C &#8211; +125\u00b0C, sehr hohe Genauigkeit \u00fcber den Bereich von -10\u00b0C bis +85\u00b0C: \u00b1 0,5\u00b0C<\/p>\n<p>Versorgungsspannungsbereich: 3.0V-5.5V DC<\/td>\n<\/tr>\n<tr valign=\"top\">\n<td width=\"193\">Datenblatt<\/td>\n<td width=\"395\"><a href=\"https:\/\/cdn.sparkfun.com\/datasheets\/Sensors\/Temp\/DS18B20.pdf\">Download<\/a><\/td>\n<\/tr>\n<tr valign=\"top\">\n<td width=\"193\">Packliste:<\/td>\n<td width=\"395\">Messf\u00fchler<\/td>\n<\/tr>\n<\/tbody>\n<\/table>\n<table width=\"100%\" cellspacing=\"0\" cellpadding=\"0\">\n<colgroup>\n<col width=\"0*\" \/>\n<col width=\"202*\" \/>\n<col width=\"34*\" \/>\n<col width=\"20*\" \/> <\/colgroup>\n<tbody>\n<tr>\n<td width=\"0%\"><\/td>\n<td width=\"79%\"><strong>Sicherheitshinweise:<\/strong><\/p>\n<ul>\n<li>Betreiben Sie den Temperatursensor nur mit der vorgesehenen Schutzkleinspannung<\/li>\n<li>F\u00fcr Kinder ist dieser Temperatursensor nicht geeignet<\/li>\n<li>F\u00fcr Sch\u00e4den jeglicher Art, die durch nicht sachgem\u00e4\u00dfen Umgang, Ver\u00e4nderung oder Nichtbeachtung dieser Bedienungsanleitung verursacht werden, \u00fcbernehmen wir keine Haftung!<\/li>\n<\/ul>\n<\/td>\n<td width=\"13%\"><\/td>\n<td width=\"8%\"><\/td>\n<\/tr>\n<tr>\n<td width=\"0%\"><\/td>\n<td width=\"79%\"><strong>Entsorgungshinweise:<\/strong><\/p>\n<ul>\n<li>Ger\u00e4t nicht im Hausm\u00fcll entsorgen!<\/li>\n<li>Altger\u00e4te k\u00f6nnen an uns zur\u00fcckgesendet werden, um Elektroschrott zu vermeiden und Rohstoffe zu schonen!<\/li>\n<\/ul>\n<\/td>\n<td width=\"13%\"><\/td>\n<td width=\"8%\"><\/td>\n<\/tr>\n<tr>\n<td width=\"0%\"><\/td>\n<td width=\"79%\">W<strong>eitere Informationen:<\/strong><\/p>\n<ul>\n<li>Fragen zum Produkt k\u00f6nnen Sie an uns richten: <strong>info@openandhome.de<\/strong><\/li>\n<\/ul>\n<\/td>\n<td width=\"13%\"><\/td>\n<td width=\"8%\"><\/td>\n<\/tr>\n<\/tbody>\n<\/table>\n<p class=\"western\" align=\"center\">\n<\/div>\n","protected":false},"excerpt":{"rendered":"<div>1 Messf\u00fchler f\u00fcr Temperatur (DS18B20) mit wasserdichtem Kabel.<\/div>\n<div><strong>Kabell\u00e4nge 5 Meter<\/strong><\/div>\n<div><\/div>\n<p>Sie k\u00f6nnen bis zu <strong>4 Messf\u00fchler<\/strong> kombinieren. Zus\u00e4tzlich ben\u00f6tigen Sie die <a href=\"https:\/\/www.openandhome.de\/index.php\/produkt\/premium-openandhome-sensorbox\/\">Sensorbox von Openandhome<\/a>.<\/p>\n<p>&nbsp;<\/p>\n","protected":false},"featured_media":2765,"template":"","meta":[],"product_brand":[],"product_cat":[17,18],"product_tag":[24],"class_list":{"0":"post-2767","1":"product","2":"type-product","3":"status-publish","4":"has-post-thumbnail","6":"product_cat-openandhome","7":"product_cat-temperatursensor","8":"product_tag-temperatursensor","10":"first","11":"instock","12":"shipping-taxable","13":"purchasable","14":"product-type-simple"},"_links":{"self":[{"href":"https:\/\/openandhome.de\/index.php\/wp-json\/wp\/v2\/product\/2767","targetHints":{"allow":["GET"]}}],"collection":[{"href":"https:\/\/openandhome.de\/index.php\/wp-json\/wp\/v2\/product"}],"about":[{"href":"https:\/\/openandhome.de\/index.php\/wp-json\/wp\/v2\/types\/product"}],"wp:featuredmedia":[{"embeddable":true,"href":"https:\/\/openandhome.de\/index.php\/wp-json\/wp\/v2\/media\/2765"}],"wp:attachment":[{"href":"https:\/\/openandhome.de\/index.php\/wp-json\/wp\/v2\/media?parent=2767"}],"wp:term":[{"taxonomy":"product_brand","embeddable":true,"href":"https:\/\/openandhome.de\/index.php\/wp-json\/wp\/v2\/product_brand?post=2767"},{"taxonomy":"product_cat","embeddable":true,"href":"https:\/\/openandhome.de\/index.php\/wp-json\/wp\/v2\/product_cat?post=2767"},{"taxonomy":"product_tag","embeddable":true,"href":"https:\/\/openandhome.de\/index.php\/wp-json\/wp\/v2\/product_tag?post=2767"}],"curies":[{"name":"wp","href":"https:\/\/api.w.org\/{rel}","templated":true}]}}